{"id":1005,"date":"2022-10-12T15:01:30","date_gmt":"2022-10-12T15:01:30","guid":{"rendered":"https:\/\/rse.is\/?page_id=1005"},"modified":"2023-10-13T22:57:03","modified_gmt":"2023-10-13T22:57:03","slug":"english","status":"publish","type":"page","link":"https:\/\/rse.is\/index.php\/english\/","title":{"rendered":"English"},"content":{"rendered":"\n<h4 class=\"wp-block-heading\">About RSE<\/h4>\n\n\n\n<p><strong>Founding<\/strong><\/p>\n\n\n\n<p>RSE, The Centre for Social and Economic Research, was founded in the fall of 2004 by Professor Ragnar \u00c1rnason, Associate Professor Birgir \u00de\u00f3r Run\u00f3lfsson, J\u00f3hann J. \u00d3lafsson entrepreneur, J\u00f3nas Haralz, economist and former bank director and Birgir Tj\u00f6rvi P\u00e9tursson, Attorney-at-law.&nbsp;<\/p>\n\n\n\n<p><strong>Mission<\/strong><\/p>\n\n\n\n<p>RSE is an independent research centre which seeks to further the understanding of property rights and free trade in a progressive and democratic society. The way to achieve these goals is by research, education, publications, conferences and other activities.&nbsp;<\/p>\n\n\n\n<p><strong>Independence<\/strong><\/p>\n\n\n\n<p>RSE is an independent and unaffiliated institution. RSE is not tied to any political party, independent candidates or interest groups. RSE does not accept funding from government or municipalities, but relies solely on donations from private individuals and companies.&nbsp;<\/p>\n\n\n\n<p><strong>Form of operation<\/strong><\/p>\n\n\n\n<p>RSE is a non-profit organization in accordance with the Icelandic legal statute no. 19\/1988.<\/p>\n\n\n\n<p><strong>Administrative structure<\/strong><\/p>\n\n\n\n<p>The Council of Representatives has the highest authority over the organization&#8217;s assets, finances and operations. It is made up of no less than 5 and up to 30 individuals from various backgrounds, mainly from the business community.&nbsp;<\/p>\n\n\n\n<p>The Research Council is composed of no less than 5 and up to 20 academics. It is the decision making authority on academic projects to be undertaken by RSE.<\/p>\n\n\n\n<p>The Board of RSE manages its operations. The board consists of the chairman, vice-chairman and treasurer of the representative council, together with the chairman and deputy chairman of the research council.<\/p>\n\n\n\n<p><strong>The board:<\/strong> Halld\u00f3r Benjam\u00edn \u00deorbergsson Chairman of the Board, Halla Sigr\u00fan Mathiesen, Ragnar \u00c1rnason Chairman of the Research Council, Birgir \u00de\u00f3r Run\u00f3lfsson Vice-Chairman of the Research Council and Einar Sigur\u00f0sson. <\/p>\n","protected":false},"excerpt":{"rendered":"<p>About RSE Founding RSE, The Centre for Social and Economic Research, was founded in the fall of 2004 by Professor Ragnar \u00c1rnason, Associate Professor Birgir \u00de\u00f3r Run\u00f3lfsson, J\u00f3hann J. \u00d3lafsson entrepreneur, J\u00f3nas Haralz, economist and former bank director and Birgir Tj\u00f6rvi P\u00e9tursson, Attorney-at-law.&nbsp; Mission RSE is an independent research centre which seeks to further the [&hellip;]<\/p>\n","protected":false},"author":1,"featured_media":0,"parent":0,"menu_order":0,"comment_status":"closed","ping_status":"closed","template":"","meta":{"om_disable_all_campaigns":false,"_monsterinsights_skip_tracking":false,"_monsterinsights_sitenote_active":false,"_monsterinsights_sitenote_note":"","_monsterinsights_sitenote_category":0,"_uf_show_specific_survey":0,"_uf_disable_surveys":false,"footnotes":""},"class_list":["post-1005","page","type-page","status-publish","hentry"],"blocksy_meta":{"styles_descriptor":{"styles":{"desktop":"","tablet":"","mobile":""},"google_fonts":[],"version":6}},"aioseo_notices":[],"brizy_media":[],"_links":{"self":[{"href":"https:\/\/rse.is\/index.php\/wp-json\/wp\/v2\/pages\/1005","targetHints":{"allow":["GET"]}}],"collection":[{"href":"https:\/\/rse.is\/index.php\/wp-json\/wp\/v2\/pages"}],"about":[{"href":"https:\/\/rse.is\/index.php\/wp-json\/wp\/v2\/types\/page"}],"author":[{"embeddable":true,"href":"https:\/\/rse.is\/index.php\/wp-json\/wp\/v2\/users\/1"}],"replies":[{"embeddable":true,"href":"https:\/\/rse.is\/index.php\/wp-json\/wp\/v2\/comments?post=1005"}],"version-history":[{"count":5,"href":"https:\/\/rse.is\/index.php\/wp-json\/wp\/v2\/pages\/1005\/revisions"}],"predecessor-version":[{"id":1100,"href":"https:\/\/rse.is\/index.php\/wp-json\/wp\/v2\/pages\/1005\/revisions\/1100"}],"wp:attachment":[{"href":"https:\/\/rse.is\/index.php\/wp-json\/wp\/v2\/media?parent=1005"}],"curies":[{"name":"wp","href":"https:\/\/api.w.org\/{rel}","templated":true}]}}